{"id":476,"date":"2026-02-19T11:25:20","date_gmt":"2026-02-19T10:25:20","guid":{"rendered":"https:\/\/romanvalo.sk\/chcem-prispiet\/"},"modified":"2026-04-25T08:24:36","modified_gmt":"2026-04-25T06:24:36","slug":"chcem-prispiet","status":"publish","type":"page","link":"https:\/\/romanvalo.sk\/hu\/chcem-prispiet\/","title":{"rendered":"Szeretn\u00e9k hozz\u00e1j\u00e1rulni"},"content":{"rendered":"\n<p><\/p>\n\n<p><br\/>T\u00e1mogassa a val\u00f3di v\u00e1ltoz\u00e1st Rimavsk\u00e1 Sobot\u00e1ban \u2013 p\u00e9nzadom\u00e1nnyal, szak\u00e9rtelm\u00e9vel vagy \u00f6nk\u00e9ntesk\u00e9nt. Vegye fel vel\u00fcnk a kapcsolatot, \u00e9s egy\u00fctt kital\u00e1ljuk, hogyan vehet r\u00e9szt a kezdem\u00e9nyez\u00e9sben. <br\/><br\/>16 \u00e9vnyi konfliktus ut\u00e1n vezess\u00fck v\u00e1rosunkat a b\u00e9ke, az egy\u00fcttm\u0171k\u00f6d\u00e9s \u00e9s a konkr\u00e9t megold\u00e1sok fel\u00e9. <strong>A v\u00e1ltoz\u00e1s egy d\u00f6nt\u00e9ssel kezd\u0151dik \u2013 \u00e9s cselekedettel folytat\u00f3dik.<\/strong><\/p>\n\n<p><\/p>\n","protected":false},"excerpt":{"rendered":"<p>T\u00e1mogassa a val\u00f3di v\u00e1ltoz\u00e1st Rimavsk\u00e1 Sobot\u00e1ban \u2013 p\u00e9nzadom\u00e1nnyal, szak\u00e9rtelm\u00e9vel vagy \u00f6nk\u00e9ntesk\u00e9nt. Vegye fel vel\u00fcnk a kapcsolatot, \u00e9s egy\u00fctt kital\u00e1ljuk, hogyan vehet r\u00e9szt a kezdem\u00e9nyez\u00e9sben. 16 \u00e9vnyi konfliktus ut\u00e1n vezess\u00fck v\u00e1rosunkat a b\u00e9ke, az egy\u00fcttm\u0171k\u00f6d\u00e9s \u00e9s a konkr\u00e9t megold\u00e1sok fel\u00e9. A v\u00e1ltoz\u00e1s egy d\u00f6nt\u00e9ssel kezd\u0151dik \u2013 \u00e9s cselekedettel folytat\u00f3dik.<\/p>\n","protected":false},"author":8,"featured_media":0,"parent":0,"menu_order":0,"comment_status":"closed","ping_status":"closed","template":"page-form-template.php","meta":{"inline_featured_image":false,"footnotes":""},"class_list":["post-476","page","type-page","status-publish","hentry"],"acf":[],"yoast_head":"<!-- This site is optimized with the Yoast SEO plugin v26.2 - https:\/\/yoast.com\/wordpress\/plugins\/seo\/ -->\n<title>Szeretn\u00e9k hozz\u00e1j\u00e1rulni - Roman Valo<\/title>\n<meta name=\"robots\" content=\"index, follow, max-snippet:-1, max-image-preview:large, max-video-preview:-1\" \/>\n<link rel=\"canonical\" href=\"https:\/\/romanvalo.sk\/hu\/chcem-prispiet\/\" \/>\n<meta property=\"og:locale\" content=\"hu_HU\" \/>\n<meta property=\"og:type\" content=\"article\" \/>\n<meta property=\"og:title\" content=\"Szeretn\u00e9k hozz\u00e1j\u00e1rulni - Roman Valo\" \/>\n<meta property=\"og:description\" content=\"T\u00e1mogassa a val\u00f3di v\u00e1ltoz\u00e1st Rimavsk\u00e1 Sobot\u00e1ban \u2013 p\u00e9nzadom\u00e1nnyal, szak\u00e9rtelm\u00e9vel vagy \u00f6nk\u00e9ntesk\u00e9nt. Vegye fel vel\u00fcnk a kapcsolatot, \u00e9s egy\u00fctt kital\u00e1ljuk, hogyan vehet r\u00e9szt a kezdem\u00e9nyez\u00e9sben. 16 \u00e9vnyi konfliktus ut\u00e1n vezess\u00fck v\u00e1rosunkat a b\u00e9ke, az egy\u00fcttm\u0171k\u00f6d\u00e9s \u00e9s a konkr\u00e9t megold\u00e1sok fel\u00e9. A v\u00e1ltoz\u00e1s egy d\u00f6nt\u00e9ssel kezd\u0151dik \u2013 \u00e9s cselekedettel folytat\u00f3dik.\" \/>\n<meta property=\"og:url\" content=\"https:\/\/romanvalo.sk\/hu\/chcem-prispiet\/\" \/>\n<meta property=\"og:site_name\" content=\"Roman Valo\" \/>\n<meta property=\"article:modified_time\" content=\"2026-04-25T06:24:36+00:00\" \/>\n<meta name=\"twitter:card\" content=\"summary_large_image\" \/>\n<meta name=\"twitter:label1\" content=\"Becs\u00fclt olvas\u00e1si id\u0151\" \/>\n\t<meta name=\"twitter:data1\" content=\"1 perc\" \/>\n<script type=\"application\/ld+json\" class=\"yoast-schema-graph\">{\"@context\":\"https:\/\/schema.org\",\"@graph\":[{\"@type\":\"WebPage\",\"@id\":\"https:\/\/romanvalo.sk\/hu\/chcem-prispiet\/\",\"url\":\"https:\/\/romanvalo.sk\/hu\/chcem-prispiet\/\",\"name\":\"Szeretn\u00e9k hozz\u00e1j\u00e1rulni - Roman Valo\",\"isPartOf\":{\"@id\":\"https:\/\/romanvalo.sk\/hu\/#website\"},\"datePublished\":\"2026-02-19T10:25:20+00:00\",\"dateModified\":\"2026-04-25T06:24:36+00:00\",\"breadcrumb\":{\"@id\":\"https:\/\/romanvalo.sk\/hu\/chcem-prispiet\/#breadcrumb\"},\"inLanguage\":\"hu\",\"potentialAction\":[{\"@type\":\"ReadAction\",\"target\":[\"https:\/\/romanvalo.sk\/hu\/chcem-prispiet\/\"]}]},{\"@type\":\"BreadcrumbList\",\"@id\":\"https:\/\/romanvalo.sk\/hu\/chcem-prispiet\/#breadcrumb\",\"itemListElement\":[{\"@type\":\"ListItem\",\"position\":1,\"name\":\"Domovsk\u00e1 str\u00e1nka\",\"item\":\"https:\/\/romanvalo.sk\/hu\/\"},{\"@type\":\"ListItem\",\"position\":2,\"name\":\"Szeretn\u00e9k hozz\u00e1j\u00e1rulni\"}]},{\"@type\":\"WebSite\",\"@id\":\"https:\/\/romanvalo.sk\/hu\/#website\",\"url\":\"https:\/\/romanvalo.sk\/hu\/\",\"name\":\"Roman Valo\",\"description\":\"\",\"potentialAction\":[{\"@type\":\"SearchAction\",\"target\":{\"@type\":\"EntryPoint\",\"urlTemplate\":\"https:\/\/romanvalo.sk\/hu\/?s={search_term_string}\"},\"query-input\":{\"@type\":\"PropertyValueSpecification\",\"valueRequired\":true,\"valueName\":\"search_term_string\"}}],\"inLanguage\":\"hu\"}]}<\/script>\n<!-- \/ Yoast SEO plugin. -->","yoast_head_json":{"title":"Szeretn\u00e9k hozz\u00e1j\u00e1rulni - Roman Valo","robots":{"index":"index","follow":"follow","max-snippet":"max-snippet:-1","max-image-preview":"max-image-preview:large","max-video-preview":"max-video-preview:-1"},"canonical":"https:\/\/romanvalo.sk\/hu\/chcem-prispiet\/","og_locale":"hu_HU","og_type":"article","og_title":"Szeretn\u00e9k hozz\u00e1j\u00e1rulni - Roman Valo","og_description":"T\u00e1mogassa a val\u00f3di v\u00e1ltoz\u00e1st Rimavsk\u00e1 Sobot\u00e1ban \u2013 p\u00e9nzadom\u00e1nnyal, szak\u00e9rtelm\u00e9vel vagy \u00f6nk\u00e9ntesk\u00e9nt. Vegye fel vel\u00fcnk a kapcsolatot, \u00e9s egy\u00fctt kital\u00e1ljuk, hogyan vehet r\u00e9szt a kezdem\u00e9nyez\u00e9sben. 16 \u00e9vnyi konfliktus ut\u00e1n vezess\u00fck v\u00e1rosunkat a b\u00e9ke, az egy\u00fcttm\u0171k\u00f6d\u00e9s \u00e9s a konkr\u00e9t megold\u00e1sok fel\u00e9. A v\u00e1ltoz\u00e1s egy d\u00f6nt\u00e9ssel kezd\u0151dik \u2013 \u00e9s cselekedettel folytat\u00f3dik.","og_url":"https:\/\/romanvalo.sk\/hu\/chcem-prispiet\/","og_site_name":"Roman Valo","article_modified_time":"2026-04-25T06:24:36+00:00","twitter_card":"summary_large_image","twitter_misc":{"Becs\u00fclt olvas\u00e1si id\u0151":"1 perc"},"schema":{"@context":"https:\/\/schema.org","@graph":[{"@type":"WebPage","@id":"https:\/\/romanvalo.sk\/hu\/chcem-prispiet\/","url":"https:\/\/romanvalo.sk\/hu\/chcem-prispiet\/","name":"Szeretn\u00e9k hozz\u00e1j\u00e1rulni - Roman Valo","isPartOf":{"@id":"https:\/\/romanvalo.sk\/hu\/#website"},"datePublished":"2026-02-19T10:25:20+00:00","dateModified":"2026-04-25T06:24:36+00:00","breadcrumb":{"@id":"https:\/\/romanvalo.sk\/hu\/chcem-prispiet\/#breadcrumb"},"inLanguage":"hu","potentialAction":[{"@type":"ReadAction","target":["https:\/\/romanvalo.sk\/hu\/chcem-prispiet\/"]}]},{"@type":"BreadcrumbList","@id":"https:\/\/romanvalo.sk\/hu\/chcem-prispiet\/#breadcrumb","itemListElement":[{"@type":"ListItem","position":1,"name":"Domovsk\u00e1 str\u00e1nka","item":"https:\/\/romanvalo.sk\/hu\/"},{"@type":"ListItem","position":2,"name":"Szeretn\u00e9k hozz\u00e1j\u00e1rulni"}]},{"@type":"WebSite","@id":"https:\/\/romanvalo.sk\/hu\/#website","url":"https:\/\/romanvalo.sk\/hu\/","name":"Roman Valo","description":"","potentialAction":[{"@type":"SearchAction","target":{"@type":"EntryPoint","urlTemplate":"https:\/\/romanvalo.sk\/hu\/?s={search_term_string}"},"query-input":{"@type":"PropertyValueSpecification","valueRequired":true,"valueName":"search_term_string"}}],"inLanguage":"hu"}]}},"_links":{"self":[{"href":"https:\/\/romanvalo.sk\/hu\/wp-json\/wp\/v2\/pages\/476","targetHints":{"allow":["GET"]}}],"collection":[{"href":"https:\/\/romanvalo.sk\/hu\/wp-json\/wp\/v2\/pages"}],"about":[{"href":"https:\/\/romanvalo.sk\/hu\/wp-json\/wp\/v2\/types\/page"}],"author":[{"embeddable":true,"href":"https:\/\/romanvalo.sk\/hu\/wp-json\/wp\/v2\/users\/8"}],"replies":[{"embeddable":true,"href":"https:\/\/romanvalo.sk\/hu\/wp-json\/wp\/v2\/comments?post=476"}],"version-history":[{"count":6,"href":"https:\/\/romanvalo.sk\/hu\/wp-json\/wp\/v2\/pages\/476\/revisions"}],"predecessor-version":[{"id":534,"href":"https:\/\/romanvalo.sk\/hu\/wp-json\/wp\/v2\/pages\/476\/revisions\/534"}],"wp:attachment":[{"href":"https:\/\/romanvalo.sk\/hu\/wp-json\/wp\/v2\/media?parent=476"}],"curies":[{"name":"wp","href":"https:\/\/api.w.org\/{rel}","templated":true}]}}